{"id":1914,"date":"2024-04-20T00:44:52","date_gmt":"2024-04-20T00:44:52","guid":{"rendered":"https:\/\/trampolim.net\/?page_id=1914"},"modified":"2024-04-20T01:59:25","modified_gmt":"2024-04-20T01:59:25","slug":"politica-de-privacidade","status":"publish","type":"page","link":"https:\/\/trampolim.net\/en\/politica-de-privacidade\/","title":{"rendered":"Privacy Policy"},"content":{"rendered":"<style>.elementor-1914 .elementor-element.elementor-element-3c174c3{margin-top:50px;margin-bottom:50px;}.elementor-widget-text-editor{font-family:var( --e-global-typography-text-font-family ), Sans-serif;font-size:var( --e-global-typography-text-font-size );font-weight:var( --e-global-typography-text-font-weight );line-height:var( --e-global-typography-text-line-height );color:var( --e-global-color-text );}.elementor-widget-text-editor.elementor-drop-cap-view-stacked .elementor-drop-cap{background-color:var( --e-global-color-primary );}.elementor-widget-text-editor.elementor-drop-cap-view-framed .elementor-drop-cap, .elementor-widget-text-editor.elementor-drop-cap-view-default .elementor-drop-cap{color:var( --e-global-color-primary );border-color:var( --e-global-color-primary );}.elementor-1914 .elementor-element.elementor-element-61fc69b{font-family:\"Inter Tight\", Sans-serif;font-weight:400;color:#000000;}@media(max-width:1024px){.elementor-widget-text-editor{font-size:var( --e-global-typography-text-font-size );line-height:var( --e-global-typography-text-line-height );}}@media(max-width:767px){.elementor-widget-text-editor{font-size:var( --e-global-typography-text-font-size );line-height:var( --e-global-typography-text-line-height );}}<\/style>\t\t<div data-elementor-type=\"wp-page\" data-elementor-id=\"1914\" class=\"elementor elementor-1914\" data-elementor-post-type=\"page\">\n\t\t\t\t\t\t<section class=\"elementor-section elementor-top-section elementor-element elementor-element-3c174c3 elementor-section-boxed elementor-section-height-default elementor-section-height-default\" data-id=\"3c174c3\" data-element_type=\"section\" data-e-type=\"section\">\n\t\t\t\t\t\t<div class=\"elementor-container elementor-column-gap-default\">\n\t\t\t\t\t<div class=\"elementor-column elementor-col-100 elementor-top-column elementor-element elementor-element-835ee94\" data-id=\"835ee94\" data-element_type=\"column\" data-e-type=\"column\">\n\t\t\t<div class=\"elementor-widget-wrap elementor-element-populated\">\n\t\t\t\t\t\t<div class=\"elementor-element elementor-element-61fc69b elementor-widget elementor-widget-text-editor\" data-id=\"61fc69b\" data-element_type=\"widget\" data-e-type=\"widget\" data-widget_type=\"text-editor.default\">\n\t\t\t\t<div class=\"elementor-widget-container\">\n\t\t\t\t\t\t\t\t\t<h1>Trampolim Agency Privacy Policy<\/h1><p>his Privacy Policy explains what personal data we, at <strong>Trampolim Agency<\/strong>, collect and how we use it when you use our website and\/or our services. By accessing, using, and interacting with our website in any way, you agree to our Privacy Policy and that we may process, transfer, and store your information.<\/p><p>Our goal is to eliminate complexity and that's why we try to make this Privacy Policy as simple as possible \u2013 but if you still have questions, our service channels indicated below are at your disposal. We recommend reading it carefully.<\/p><h2>How We Collect Your Data<\/h2><p>In everything that Trampolim Agency does, we seek to protect our data and information. Your personal data is a valuable asset that must be preserved. That's why you need to know exactly how they can be used. We take your privacy seriously; Your personal information is requested at the time of purchase to ensure better service and security.<\/p><h3>Through Registration<\/h3><p>When you request, contract or use <strong>Trampolim Agency<\/strong>\u200e products or services, you provide us, and we collect some personal data relating to you. During the registration process, we ask for data such as your full name, email address, CPF, address, telephone and\/or mobile phone and, in the case of purchase, billing data. Remembering that it is your full responsibility to inform us of true data in your registration and when filling in the information.<\/p><h3>How to Change or Delete Data<\/h3><p>You can change your data at any time through the \"My Account\" panel. If this is not possible, please contact us requesting the deletion of data.<\/p><h2>Through Cookies<\/h2><h3>What Are Cookies and What Are They Used<\/h3><p>Cookies are small text files sent to and stored on your computer. These small files are used to recognize, track and store your browsing as a user on the Internet.<\/p><h4>What Cookies Are Used For<\/h4><p>The use of cookies to track and store information will enable our website to offer a more personalized service, according to the characteristics and interests of its users.<\/p><p>In general, cookies are used to:<\/p><ul><li>Provide differentiated services, remembering who you are and what your browsing habits are;<\/li><li>Track the progress of promotions. When a promotion uses cookies, the information recorded in the cookie indicates the user's score;<\/li><li>Make it easier and faster to fill out forms.<\/li><\/ul><h4>Use of Third-Party Cookies<\/h4><p>Technology service providers such as Google Analytics may use their own, with our permission, to provide services to our <strong>Trampolim Agency<\/strong>.<\/p><h4>How to Change or Block Cookies<\/h4><p>Most browsers are set to automatically accept cookies. You can, however, change the settings to block cookies or alert you when a cookie is being sent to your device. Please refer to your browser's instructions to learn more about how to adjust or change your settings.<\/p><h2>How We Use Your Data<\/h2><p>We use your personal data to be able to provide you with a high-quality service and offer you the best products. Your data is collected so that we can deliver content, process payments (if any) and direct you to services that may be of interest to you.<\/p><p>Your registration data is safe with us. All information entered on the site as registration is for the exclusive use of <strong>Trampolim Agency<\/strong>, we do not rent or sell any registration data. Your registration is a way for us to get to know our customers, to better serve. Registration on the site does not create a contractual relationship. To ensure even more security, we do not store our customers' credit card numbers on our servers.<\/p><h2>How We Protect Your Data<\/h2><p>The security of your Personal Data is important to us at <strong>Trampolim Agency<\/strong>, We have implemented administrative, technical, and physical security measures to protect against unauthorized access, destruction, or alteration of your information. We work with the most modern methods and systems to ensure the security of the data stored on our servers.<\/p><h2>Contact Us<\/h2><p>Should you need any support or have any questions, requests or suggestions regarding this policy, we are all ears at <strong>Trampolim Agency<\/strong>.<\/p><p>If you have any problems or receive communication that you believe was not sent by us, please contact us immediately.<\/p><p>We, at <strong>Trampolim Agency<\/strong>, declare that the terms of the document may change without prior notice, and it is up to the user to periodically review any changes.<\/p>\t\t\t\t\t\t\t\t<\/div>\n\t\t\t\t<\/div>\n\t\t\t\t\t<\/div>\n\t\t<\/div>\n\t\t\t\t\t<\/div>\n\t\t<\/section>\n\t\t\t\t<\/div>","protected":false},"excerpt":{"rendered":"<p>Pol\u00edtica de Privacidade da Ag\u00eancia Trampolim Esta Pol\u00edtica de Privacidade explica quais dados pessoais n\u00f3s, da Ag\u00eancia Trampolim, coletamos e como os usamos quando voc\u00ea utiliza o nosso site e\/ou nossos servi\u00e7os. Ao acessar, usar e interagir com nosso site de qualquer forma, voc\u00ea concorda com a nossa Pol\u00edtica de Privacidade e que n\u00f3s podemos [&hellip;]<\/p>\n","protected":false},"author":1,"featured_media":0,"parent":0,"menu_order":0,"comment_status":"closed","ping_status":"closed","template":"elementor_header_footer","meta":{"footnotes":""},"class_list":["post-1914","page","type-page","status-publish","hentry"],"_links":{"self":[{"href":"https:\/\/trampolim.net\/en\/wp-json\/wp\/v2\/pages\/1914","targetHints":{"allow":["GET"]}}],"collection":[{"href":"https:\/\/trampolim.net\/en\/wp-json\/wp\/v2\/pages"}],"about":[{"href":"https:\/\/trampolim.net\/en\/wp-json\/wp\/v2\/types\/page"}],"author":[{"embeddable":true,"href":"https:\/\/trampolim.net\/en\/wp-json\/wp\/v2\/users\/1"}],"replies":[{"embeddable":true,"href":"https:\/\/trampolim.net\/en\/wp-json\/wp\/v2\/comments?post=1914"}],"version-history":[{"count":0,"href":"https:\/\/trampolim.net\/en\/wp-json\/wp\/v2\/pages\/1914\/revisions"}],"wp:attachment":[{"href":"https:\/\/trampolim.net\/en\/wp-json\/wp\/v2\/media?parent=1914"}],"curies":[{"name":"wp","href":"https:\/\/api.w.org\/{rel}","templated":true}]}}