{"id":1951,"date":"2024-04-20T01:59:56","date_gmt":"2024-04-20T01:59:56","guid":{"rendered":"https:\/\/trampolim.net\/?page_id=1951"},"modified":"2024-04-20T02:00:23","modified_gmt":"2024-04-20T02:00:23","slug":"termos-de-servico","status":"publish","type":"page","link":"https:\/\/trampolim.net\/en\/termos-de-servico\/","title":{"rendered":"Terms of Service"},"content":{"rendered":"<style>.elementor-1951 .elementor-element.elementor-element-3c174c3{margin-top:50px;margin-bottom:50px;}.elementor-widget-text-editor{font-family:var( --e-global-typography-text-font-family ), Sans-serif;font-size:var( --e-global-typography-text-font-size );font-weight:var( --e-global-typography-text-font-weight );line-height:var( --e-global-typography-text-line-height );color:var( --e-global-color-text );}.elementor-widget-text-editor.elementor-drop-cap-view-stacked .elementor-drop-cap{background-color:var( --e-global-color-primary );}.elementor-widget-text-editor.elementor-drop-cap-view-framed .elementor-drop-cap, .elementor-widget-text-editor.elementor-drop-cap-view-default .elementor-drop-cap{color:var( --e-global-color-primary );border-color:var( --e-global-color-primary );}.elementor-1951 .elementor-element.elementor-element-61fc69b{font-family:\"Inter Tight\", Sans-serif;font-weight:400;color:#000000;}@media(max-width:1024px){.elementor-widget-text-editor{font-size:var( --e-global-typography-text-font-size );line-height:var( --e-global-typography-text-line-height );}}@media(max-width:767px){.elementor-widget-text-editor{font-size:var( --e-global-typography-text-font-size );line-height:var( --e-global-typography-text-line-height );}}<\/style>\t\t<div data-elementor-type=\"wp-page\" data-elementor-id=\"1951\" class=\"elementor elementor-1951\" data-elementor-post-type=\"page\">\n\t\t\t\t\t\t<section class=\"elementor-section elementor-top-section elementor-element elementor-element-3c174c3 elementor-section-boxed elementor-section-height-default elementor-section-height-default\" data-id=\"3c174c3\" data-element_type=\"section\" data-e-type=\"section\">\n\t\t\t\t\t\t<div class=\"elementor-container elementor-column-gap-default\">\n\t\t\t\t\t<div class=\"elementor-column elementor-col-100 elementor-top-column elementor-element elementor-element-835ee94\" data-id=\"835ee94\" data-element_type=\"column\" data-e-type=\"column\">\n\t\t\t<div class=\"elementor-widget-wrap elementor-element-populated\">\n\t\t\t\t\t\t<div class=\"elementor-element elementor-element-61fc69b elementor-widget elementor-widget-text-editor\" data-id=\"61fc69b\" data-element_type=\"widget\" data-e-type=\"widget\" data-widget_type=\"text-editor.default\">\n\t\t\t\t<div class=\"elementor-widget-container\">\n\t\t\t\t\t\t\t\t\t<h1>Trampolim Agency Terms of Service<\/h1><h2>Acceptance of Terms<\/h2><p>In order to use certain services offered by <strong>Trampolim Agency<\/strong>, you may be required to register and provide personal information such as your full name, email address, and mobile phone number. It is your responsibility to maintain the accuracy of this information and to maintain the security of your access credentials.<\/p><h2>Register<\/h2><p>In order to use certain services offered by <strong>Trampolim Agency<\/strong>, you may be required to register and provide personal information such as your full name, email address, and mobile phone number. It is your responsibility to maintain the accuracy of this information and to maintain the security of your access credentials.<\/p><h2>Permitted and Prohibited Uses<\/h2><p>You may use our website and services for purposes permitted by law, and you must refrain from:<\/p><ul><li>Use the services for any illegal or fraudulent activity.<\/li><li>Violate or attempt to violate our security measures.<\/li><li>Copy or distribute any portion of the service or content without express permission.<\/li><li>Use the service to send unsolicited advertising or promotion.<\/li><li>Transmit viruses, trojan horses, worms, logic bombs, or other malicious material.<\/li><li>Attempt to gain unauthorized access to any portion of the service, server on which the service is stored, or any server, computer, or database connected to our service.<\/li><\/ul><h2>Service Changes<\/h2><p>\u200e\u200e\u200e <strong>Trampolim Agency<\/strong> the right to change or discontinue any aspect or feature of the service at any time, including, but not limited to, content, hours of availability, and equipment required for access or use.<\/p><h2>Links to Third-Party Sites<\/h2><p>Our service may contain links to websites operated by third parties that are not managed or controlled by <strong>Trampolim Agency<\/strong>hese links are provided for your convenience and do not imply endorsement of the activities or content of these websites. We assume no responsibility for the content or policies of these websites and encourage you to read the terms of service and privacy policies of any third-party website you visit.<\/p><h2>Disclaimer; Limitation of Liability<\/h2><p>\u200e\u200e\u200e <strong>Trampolim Agency<\/strong> does not guarantee that the services will be uninterrupted or error-free, nor that defects will be corrected. We make no representations or warranties of any kind, express or implied, about the completeness, accuracy, reliability, suitability, or availability with respect to the website or the information, products, services, or related graphics contained on the website for any purpose.<\/p><p>In no event will we be liable for any loss or damage, including, without limitation, indirect or consequential loss or damage, or any loss or damage whatsoever arising from loss of data or profits arising out of, or in connection with, the use of this website.<\/p><h2>General<\/h2><p>hese Terms are subject to applicable laws and any dispute relating to the use of the website or services shall be subject to the exclusive jurisdiction of the courts of the place where <strong>Trampolim Agency<\/strong> is registered.<\/p><h2>Termination<\/h2><p>\u200e\u200e\u200e <strong>Trampolim Agency<\/strong> may terminate or suspend your access to the service immediately, without notice or liability, for any reason, including without limitation if you violate the Terms of Service.<\/p><h2>Contact<\/h2><p>For any questions or for more information about <strong>Trampolim Agency<\/strong>\u200e Terms of Service, please contact us through the available channels indicated on our website.<\/p><p>By using our website and services, you are accepting these Terms of Service, which supplement, but do not replace, any other agreement you may have with <strong>Trampolim Agency<\/strong> for products or services.<\/p>\t\t\t\t\t\t\t\t<\/div>\n\t\t\t\t<\/div>\n\t\t\t\t\t<\/div>\n\t\t<\/div>\n\t\t\t\t\t<\/div>\n\t\t<\/section>\n\t\t\t\t<\/div>","protected":false},"excerpt":{"rendered":"<p>Termos de Servi\u00e7o da Ag\u00eancia Trampolim Aceita\u00e7\u00e3o dos Termos Ao acessar e utilizar o site e servi\u00e7os da Ag\u00eancia Trampolim, voc\u00ea confirma que aceita estes Termos de Servi\u00e7o e concorda em cumprir com eles. Se voc\u00ea n\u00e3o concorda com estes termos, voc\u00ea n\u00e3o deve usar os nossos servi\u00e7os ou acessar o nosso site. Cadastro Para [&hellip;]<\/p>\n","protected":false},"author":1,"featured_media":0,"parent":0,"menu_order":0,"comment_status":"closed","ping_status":"closed","template":"elementor_header_footer","meta":{"footnotes":""},"class_list":["post-1951","page","type-page","status-publish","hentry"],"_links":{"self":[{"href":"https:\/\/trampolim.net\/en\/wp-json\/wp\/v2\/pages\/1951","targetHints":{"allow":["GET"]}}],"collection":[{"href":"https:\/\/trampolim.net\/en\/wp-json\/wp\/v2\/pages"}],"about":[{"href":"https:\/\/trampolim.net\/en\/wp-json\/wp\/v2\/types\/page"}],"author":[{"embeddable":true,"href":"https:\/\/trampolim.net\/en\/wp-json\/wp\/v2\/users\/1"}],"replies":[{"embeddable":true,"href":"https:\/\/trampolim.net\/en\/wp-json\/wp\/v2\/comments?post=1951"}],"version-history":[{"count":0,"href":"https:\/\/trampolim.net\/en\/wp-json\/wp\/v2\/pages\/1951\/revisions"}],"wp:attachment":[{"href":"https:\/\/trampolim.net\/en\/wp-json\/wp\/v2\/media?parent=1951"}],"curies":[{"name":"wp","href":"https:\/\/api.w.org\/{rel}","templated":true}]}}